{"id":23,"date":"2022-05-10T15:42:45","date_gmt":"2022-05-10T12:42:45","guid":{"rendered":"http:\/\/bitumeniraq.com\/?page_id=23"},"modified":"2025-09-08T10:15:03","modified_gmt":"2025-09-08T07:15:03","slug":"iletisim","status":"publish","type":"page","link":"http:\/\/bitumeniraq.com\/index.php\/iletisim\/","title":{"rendered":"CONTACT US"},"content":{"rendered":"<p><span class=\"title\">B\u0130TUMEN IRAQ &#8211; TURK\u0130YE<\/span><\/p>\n<p><span class=\"title\">T\u00fcrkiye Phone: +90 542 266 66 18<\/span><\/p>\n<p><span class=\"title\">Iraq Phone: +964 750 721 97 61<\/span><\/p>\n<p>E-Mail: info@bitumeniraq.com<\/p>\n","protected":false},"excerpt":{"rendered":"<p>B\u0130TUMEN IRAQ &#8211; TURK\u0130YE T\u00fcrkiye Phone: +90 542 266 66 18 Iraq Phone: +964 750 721 97 61 E-Mail: info@bitumeniraq.com<\/p>\n","protected":false},"author":1,"featured_media":0,"parent":0,"menu_order":0,"comment_status":"closed","ping_status":"closed","template":"","meta":{"footnotes":"","_joinchat":[]},"yoast_head":"<!-- This site is optimized with the Yoast SEO plugin v23.5 - https:\/\/yoast.com\/wordpress\/plugins\/seo\/ -->\r\n<title>CONTACT US - Bitumen Irak - Bitumen Turkiye - Quality Product and Service Point<\/title>\r\n<meta name=\"description\" content=\"Bitum, bitumen, bitumeniraq.com, bitumen t\u00fcrkiye, bitumen turkey, mardin , istanbul, ankara, izmir, adana, mersin, trabzon, duhok, s\u00fcleymaniye, ba\u011fdat, bitume, zift, kat\u0131 mazot, kat\u0131 tal\u0131t\u0131m, ucuz yal\u0131t\u0131m , mardin yal\u0131t\u0131m, mardin mebran, mardin bitumen , Iraq, Turkiye, Suriye, Ba\u011fdat , Ankara , \u0130stanbul, Black Oil, Zift, Asfalt , Yal\u0131t\u0131m , Mebran,\" \/>\r\n<meta name=\"robots\" content=\"index, follow, max-snippet:-1, max-image-preview:large, max-video-preview:-1\" \/>\r\n<link rel=\"canonical\" href=\"https:\/\/bitumeniraq.com\/index.php\/iletisim\/\" \/>\r\n<meta property=\"og:locale\" content=\"en_US\" \/>\r\n<meta property=\"og:type\" content=\"article\" \/>\r\n<meta property=\"og:title\" content=\"CONTACT US - Bitumen Irak - Bitumen Turkiye - Quality Product and Service Point\" \/>\r\n<meta property=\"og:description\" content=\"Bitum, bitumen, bitumeniraq.com, bitumen t\u00fcrkiye, bitumen turkey, mardin , istanbul, ankara, izmir, adana, mersin, trabzon, duhok, s\u00fcleymaniye, ba\u011fdat, bitume, zift, kat\u0131 mazot, kat\u0131 tal\u0131t\u0131m, ucuz yal\u0131t\u0131m , mardin yal\u0131t\u0131m, mardin mebran, mardin bitumen , Iraq, Turkiye, Suriye, Ba\u011fdat , Ankara , \u0130stanbul, Black Oil, Zift, Asfalt , Yal\u0131t\u0131m , Mebran,\" \/>\r\n<meta property=\"og:url\" content=\"https:\/\/bitumeniraq.com\/index.php\/iletisim\/\" \/>\r\n<meta property=\"og:site_name\" content=\"Bitumen Irak - Bitumen Turkiye - Quality Product and Service Point\" \/>\r\n<meta property=\"article:modified_time\" content=\"2025-09-08T07:15:03+00:00\" \/>\r\n<meta name=\"twitter:card\" content=\"summary_large_image\" \/>\r\n<meta name=\"twitter:label1\" content=\"Est. reading time\" \/>\n\t<meta name=\"twitter:data1\" content=\"1 minute\" \/>\r\n<script type=\"application\/ld+json\" class=\"yoast-schema-graph\">{\"@context\":\"https:\/\/schema.org\",\"@graph\":[{\"@type\":\"WebPage\",\"@id\":\"https:\/\/bitumeniraq.com\/index.php\/iletisim\/\",\"url\":\"https:\/\/bitumeniraq.com\/index.php\/iletisim\/\",\"name\":\"CONTACT US - Bitumen Irak - Bitumen Turkiye - Quality Product and Service Point\",\"isPartOf\":{\"@id\":\"https:\/\/bitumeniraq.com\/#website\"},\"datePublished\":\"2022-05-10T12:42:45+00:00\",\"dateModified\":\"2025-09-08T07:15:03+00:00\",\"description\":\"Bitum, bitumen, bitumeniraq.com, bitumen t\u00fcrkiye, bitumen turkey, mardin , istanbul, ankara, izmir, adana, mersin, trabzon, duhok, s\u00fcleymaniye, ba\u011fdat, bitume, zift, kat\u0131 mazot, kat\u0131 tal\u0131t\u0131m, ucuz yal\u0131t\u0131m , mardin yal\u0131t\u0131m, mardin mebran, mardin bitumen , Iraq, Turkiye, Suriye, Ba\u011fdat , Ankara , \u0130stanbul, Black Oil, Zift, Asfalt , Yal\u0131t\u0131m , Mebran,\",\"breadcrumb\":{\"@id\":\"https:\/\/bitumeniraq.com\/index.php\/iletisim\/#breadcrumb\"},\"inLanguage\":\"en-US\",\"potentialAction\":[{\"@type\":\"ReadAction\",\"target\":[\"https:\/\/bitumeniraq.com\/index.php\/iletisim\/\"]}]},{\"@type\":\"BreadcrumbList\",\"@id\":\"https:\/\/bitumeniraq.com\/index.php\/iletisim\/#breadcrumb\",\"itemListElement\":[{\"@type\":\"ListItem\",\"position\":1,\"name\":\"Anasayfa\",\"item\":\"https:\/\/bitumeniraq.com\/\"},{\"@type\":\"ListItem\",\"position\":2,\"name\":\"CONTACT US\"}]},{\"@type\":\"WebSite\",\"@id\":\"https:\/\/bitumeniraq.com\/#website\",\"url\":\"https:\/\/bitumeniraq.com\/\",\"name\":\"Bitumen Irak - Bitumen Turkiye - Quality Product and Service Point\",\"description\":\"\",\"publisher\":{\"@id\":\"https:\/\/bitumeniraq.com\/#organization\"},\"potentialAction\":[{\"@type\":\"SearchAction\",\"target\":{\"@type\":\"EntryPoint\",\"urlTemplate\":\"https:\/\/bitumeniraq.com\/?s={search_term_string}\"},\"query-input\":{\"@type\":\"PropertyValueSpecification\",\"valueRequired\":true,\"valueName\":\"search_term_string\"}}],\"inLanguage\":\"en-US\"},{\"@type\":\"Organization\",\"@id\":\"https:\/\/bitumeniraq.com\/#organization\",\"name\":\"Bitumen Iraq\",\"url\":\"https:\/\/bitumeniraq.com\/\",\"logo\":{\"@type\":\"ImageObject\",\"inLanguage\":\"en-US\",\"@id\":\"https:\/\/bitumeniraq.com\/#\/schema\/logo\/image\/\",\"url\":\"http:\/\/bitumeniraq.com\/wp-content\/uploads\/2022\/05\/cropped-BitumIraq.png\",\"contentUrl\":\"http:\/\/bitumeniraq.com\/wp-content\/uploads\/2022\/05\/cropped-BitumIraq.png\",\"width\":1990,\"height\":724,\"caption\":\"Bitumen Iraq\"},\"image\":{\"@id\":\"https:\/\/bitumeniraq.com\/#\/schema\/logo\/image\/\"}}]}<\/script>\r\n<!-- \/ Yoast SEO plugin. -->","yoast_head_json":{"title":"CONTACT US - Bitumen Irak - Bitumen Turkiye - Quality Product and Service Point","description":"Bitum, bitumen, bitumeniraq.com, bitumen t\u00fcrkiye, bitumen turkey, mardin , istanbul, ankara, izmir, adana, mersin, trabzon, duhok, s\u00fcleymaniye, ba\u011fdat, bitume, zift, kat\u0131 mazot, kat\u0131 tal\u0131t\u0131m, ucuz yal\u0131t\u0131m , mardin yal\u0131t\u0131m, mardin mebran, mardin bitumen , Iraq, Turkiye, Suriye, Ba\u011fdat , Ankara , \u0130stanbul, Black Oil, Zift, Asfalt , Yal\u0131t\u0131m , Mebran,","robots":{"index":"index","follow":"follow","max-snippet":"max-snippet:-1","max-image-preview":"max-image-preview:large","max-video-preview":"max-video-preview:-1"},"canonical":"https:\/\/bitumeniraq.com\/index.php\/iletisim\/","og_locale":"en_US","og_type":"article","og_title":"CONTACT US - Bitumen Irak - Bitumen Turkiye - Quality Product and Service Point","og_description":"Bitum, bitumen, bitumeniraq.com, bitumen t\u00fcrkiye, bitumen turkey, mardin , istanbul, ankara, izmir, adana, mersin, trabzon, duhok, s\u00fcleymaniye, ba\u011fdat, bitume, zift, kat\u0131 mazot, kat\u0131 tal\u0131t\u0131m, ucuz yal\u0131t\u0131m , mardin yal\u0131t\u0131m, mardin mebran, mardin bitumen , Iraq, Turkiye, Suriye, Ba\u011fdat , Ankara , \u0130stanbul, Black Oil, Zift, Asfalt , Yal\u0131t\u0131m , Mebran,","og_url":"https:\/\/bitumeniraq.com\/index.php\/iletisim\/","og_site_name":"Bitumen Irak - Bitumen Turkiye - Quality Product and Service Point","article_modified_time":"2025-09-08T07:15:03+00:00","twitter_card":"summary_large_image","twitter_misc":{"Est. reading time":"1 minute"},"schema":{"@context":"https:\/\/schema.org","@graph":[{"@type":"WebPage","@id":"https:\/\/bitumeniraq.com\/index.php\/iletisim\/","url":"https:\/\/bitumeniraq.com\/index.php\/iletisim\/","name":"CONTACT US - Bitumen Irak - Bitumen Turkiye - Quality Product and Service Point","isPartOf":{"@id":"https:\/\/bitumeniraq.com\/#website"},"datePublished":"2022-05-10T12:42:45+00:00","dateModified":"2025-09-08T07:15:03+00:00","description":"Bitum, bitumen, bitumeniraq.com, bitumen t\u00fcrkiye, bitumen turkey, mardin , istanbul, ankara, izmir, adana, mersin, trabzon, duhok, s\u00fcleymaniye, ba\u011fdat, bitume, zift, kat\u0131 mazot, kat\u0131 tal\u0131t\u0131m, ucuz yal\u0131t\u0131m , mardin yal\u0131t\u0131m, mardin mebran, mardin bitumen , Iraq, Turkiye, Suriye, Ba\u011fdat , Ankara , \u0130stanbul, Black Oil, Zift, Asfalt , Yal\u0131t\u0131m , Mebran,","breadcrumb":{"@id":"https:\/\/bitumeniraq.com\/index.php\/iletisim\/#breadcrumb"},"inLanguage":"en-US","potentialAction":[{"@type":"ReadAction","target":["https:\/\/bitumeniraq.com\/index.php\/iletisim\/"]}]},{"@type":"BreadcrumbList","@id":"https:\/\/bitumeniraq.com\/index.php\/iletisim\/#breadcrumb","itemListElement":[{"@type":"ListItem","position":1,"name":"Anasayfa","item":"https:\/\/bitumeniraq.com\/"},{"@type":"ListItem","position":2,"name":"CONTACT US"}]},{"@type":"WebSite","@id":"https:\/\/bitumeniraq.com\/#website","url":"https:\/\/bitumeniraq.com\/","name":"Bitumen Irak - Bitumen Turkiye - Quality Product and Service Point","description":"","publisher":{"@id":"https:\/\/bitumeniraq.com\/#organization"},"potentialAction":[{"@type":"SearchAction","target":{"@type":"EntryPoint","urlTemplate":"https:\/\/bitumeniraq.com\/?s={search_term_string}"},"query-input":{"@type":"PropertyValueSpecification","valueRequired":true,"valueName":"search_term_string"}}],"inLanguage":"en-US"},{"@type":"Organization","@id":"https:\/\/bitumeniraq.com\/#organization","name":"Bitumen Iraq","url":"https:\/\/bitumeniraq.com\/","logo":{"@type":"ImageObject","inLanguage":"en-US","@id":"https:\/\/bitumeniraq.com\/#\/schema\/logo\/image\/","url":"http:\/\/bitumeniraq.com\/wp-content\/uploads\/2022\/05\/cropped-BitumIraq.png","contentUrl":"http:\/\/bitumeniraq.com\/wp-content\/uploads\/2022\/05\/cropped-BitumIraq.png","width":1990,"height":724,"caption":"Bitumen Iraq"},"image":{"@id":"https:\/\/bitumeniraq.com\/#\/schema\/logo\/image\/"}}]}},"_links":{"self":[{"href":"http:\/\/bitumeniraq.com\/index.php\/wp-json\/wp\/v2\/pages\/23"}],"collection":[{"href":"http:\/\/bitumeniraq.com\/index.php\/wp-json\/wp\/v2\/pages"}],"about":[{"href":"http:\/\/bitumeniraq.com\/index.php\/wp-json\/wp\/v2\/types\/page"}],"author":[{"embeddable":true,"href":"http:\/\/bitumeniraq.com\/index.php\/wp-json\/wp\/v2\/users\/1"}],"replies":[{"embeddable":true,"href":"http:\/\/bitumeniraq.com\/index.php\/wp-json\/wp\/v2\/comments?post=23"}],"version-history":[{"count":5,"href":"http:\/\/bitumeniraq.com\/index.php\/wp-json\/wp\/v2\/pages\/23\/revisions"}],"predecessor-version":[{"id":225,"href":"http:\/\/bitumeniraq.com\/index.php\/wp-json\/wp\/v2\/pages\/23\/revisions\/225"}],"wp:attachment":[{"href":"http:\/\/bitumeniraq.com\/index.php\/wp-json\/wp\/v2\/media?parent=23"}],"curies":[{"name":"wp","href":"https:\/\/api.w.org\/{rel}","templated":true}]}}