{"id":210,"date":"2025-06-30T15:48:39","date_gmt":"2025-06-30T12:48:39","guid":{"rendered":"https:\/\/bitumeniraq.com\/?page_id=210"},"modified":"2025-06-30T15:57:53","modified_gmt":"2025-06-30T12:57:53","slug":"documents","status":"publish","type":"page","link":"http:\/\/bitumeniraq.com\/index.php\/documents\/","title":{"rendered":"DOCUMENTS"},"content":{"rendered":"<div id='gallery-1' class='gallery galleryid-210 gallery-columns-3 gallery-size-large'><figure class='gallery-item'>\n\t\t\t<div class='gallery-icon portrait'>\n\t\t\t\t<a href='http:\/\/bitumeniraq.com\/wp-content\/uploads\/2025\/06\/iso-45001.png'><img loading=\"lazy\" decoding=\"async\" width=\"724\" height=\"1024\" src=\"http:\/\/bitumeniraq.com\/wp-content\/uploads\/2025\/06\/iso-45001-724x1024.png\" class=\"attachment-large size-large\" alt=\"\" aria-describedby=\"gallery-1-216\" srcset=\"http:\/\/bitumeniraq.com\/wp-content\/uploads\/2025\/06\/iso-45001-724x1024.png 724w, http:\/\/bitumeniraq.com\/wp-content\/uploads\/2025\/06\/iso-45001-212x300.png 212w, http:\/\/bitumeniraq.com\/wp-content\/uploads\/2025\/06\/iso-45001-768x1086.png 768w, http:\/\/bitumeniraq.com\/wp-content\/uploads\/2025\/06\/iso-45001-1086x1536.png 1086w, http:\/\/bitumeniraq.com\/wp-content\/uploads\/2025\/06\/iso-45001-1448x2048.png 1448w\" sizes=\"(max-width: 724px) 100vw, 724px\" \/><\/a>\n\t\t\t<\/div>\n\t\t\t\t<figcaption class='wp-caption-text gallery-caption' id='gallery-1-216'>\n\t\t\t\tISO 45001 : 2018\n\t\t\t\t<\/figcaption><\/figure><figure class='gallery-item'>\n\t\t\t<div class='gallery-icon portrait'>\n\t\t\t\t<a href='http:\/\/bitumeniraq.com\/wp-content\/uploads\/2025\/06\/iso-10002.png'><img loading=\"lazy\" decoding=\"async\" width=\"724\" height=\"1024\" src=\"http:\/\/bitumeniraq.com\/wp-content\/uploads\/2025\/06\/iso-10002-724x1024.png\" class=\"attachment-large size-large\" alt=\"\" aria-describedby=\"gallery-1-215\" srcset=\"http:\/\/bitumeniraq.com\/wp-content\/uploads\/2025\/06\/iso-10002-724x1024.png 724w, http:\/\/bitumeniraq.com\/wp-content\/uploads\/2025\/06\/iso-10002-212x300.png 212w, http:\/\/bitumeniraq.com\/wp-content\/uploads\/2025\/06\/iso-10002-768x1086.png 768w, http:\/\/bitumeniraq.com\/wp-content\/uploads\/2025\/06\/iso-10002-1086x1536.png 1086w, http:\/\/bitumeniraq.com\/wp-content\/uploads\/2025\/06\/iso-10002-1448x2048.png 1448w\" sizes=\"(max-width: 724px) 100vw, 724px\" \/><\/a>\n\t\t\t<\/div>\n\t\t\t\t<figcaption class='wp-caption-text gallery-caption' id='gallery-1-215'>\n\t\t\t\tISO 10002 : 2018\n\t\t\t\t<\/figcaption><\/figure><figure class='gallery-item'>\n\t\t\t<div class='gallery-icon portrait'>\n\t\t\t\t<a href='http:\/\/bitumeniraq.com\/wp-content\/uploads\/2025\/06\/iso-9001-2015.png'><img loading=\"lazy\" decoding=\"async\" width=\"724\" height=\"1024\" src=\"http:\/\/bitumeniraq.com\/wp-content\/uploads\/2025\/06\/iso-9001-2015-724x1024.png\" class=\"attachment-large size-large\" alt=\"\" aria-describedby=\"gallery-1-214\" srcset=\"http:\/\/bitumeniraq.com\/wp-content\/uploads\/2025\/06\/iso-9001-2015-724x1024.png 724w, http:\/\/bitumeniraq.com\/wp-content\/uploads\/2025\/06\/iso-9001-2015-212x300.png 212w, http:\/\/bitumeniraq.com\/wp-content\/uploads\/2025\/06\/iso-9001-2015-768x1086.png 768w, http:\/\/bitumeniraq.com\/wp-content\/uploads\/2025\/06\/iso-9001-2015-1086x1536.png 1086w, http:\/\/bitumeniraq.com\/wp-content\/uploads\/2025\/06\/iso-9001-2015-1448x2048.png 1448w\" sizes=\"(max-width: 724px) 100vw, 724px\" \/><\/a>\n\t\t\t<\/div>\n\t\t\t\t<figcaption class='wp-caption-text gallery-caption' id='gallery-1-214'>\n\t\t\t\tISO 9001 : 2015\n\t\t\t\t<\/figcaption><\/figure><figure class='gallery-item'>\n\t\t\t<div class='gallery-icon portrait'>\n\t\t\t\t<a href='http:\/\/bitumeniraq.com\/wp-content\/uploads\/2025\/06\/iso-9001.png'><img loading=\"lazy\" decoding=\"async\" width=\"724\" height=\"1024\" src=\"http:\/\/bitumeniraq.com\/wp-content\/uploads\/2025\/06\/iso-9001-724x1024.png\" class=\"attachment-large size-large\" alt=\"\" aria-describedby=\"gallery-1-213\" srcset=\"http:\/\/bitumeniraq.com\/wp-content\/uploads\/2025\/06\/iso-9001-724x1024.png 724w, http:\/\/bitumeniraq.com\/wp-content\/uploads\/2025\/06\/iso-9001-212x300.png 212w, http:\/\/bitumeniraq.com\/wp-content\/uploads\/2025\/06\/iso-9001-768x1086.png 768w, http:\/\/bitumeniraq.com\/wp-content\/uploads\/2025\/06\/iso-9001-1086x1536.png 1086w, http:\/\/bitumeniraq.com\/wp-content\/uploads\/2025\/06\/iso-9001-1448x2048.png 1448w\" sizes=\"(max-width: 724px) 100vw, 724px\" \/><\/a>\n\t\t\t<\/div>\n\t\t\t\t<figcaption class='wp-caption-text gallery-caption' id='gallery-1-213'>\n\t\t\t\tISO 9001\n\t\t\t\t<\/figcaption><\/figure><figure class='gallery-item'>\n\t\t\t<div class='gallery-icon portrait'>\n\t\t\t\t<a href='http:\/\/bitumeniraq.com\/wp-content\/uploads\/2025\/06\/iso-14001.png'><img loading=\"lazy\" decoding=\"async\" width=\"724\" height=\"1024\" src=\"http:\/\/bitumeniraq.com\/wp-content\/uploads\/2025\/06\/iso-14001-724x1024.png\" class=\"attachment-large size-large\" alt=\"\" aria-describedby=\"gallery-1-212\" srcset=\"http:\/\/bitumeniraq.com\/wp-content\/uploads\/2025\/06\/iso-14001-724x1024.png 724w, http:\/\/bitumeniraq.com\/wp-content\/uploads\/2025\/06\/iso-14001-212x300.png 212w, http:\/\/bitumeniraq.com\/wp-content\/uploads\/2025\/06\/iso-14001-768x1086.png 768w, http:\/\/bitumeniraq.com\/wp-content\/uploads\/2025\/06\/iso-14001-1086x1536.png 1086w, http:\/\/bitumeniraq.com\/wp-content\/uploads\/2025\/06\/iso-14001-1448x2048.png 1448w\" sizes=\"(max-width: 724px) 100vw, 724px\" \/><\/a>\n\t\t\t<\/div>\n\t\t\t\t<figcaption class='wp-caption-text gallery-caption' id='gallery-1-212'>\n\t\t\t\tISO 14001 : 2015\n\t\t\t\t<\/figcaption><\/figure>\n\t\t<\/div>\n\n","protected":false},"excerpt":{"rendered":"","protected":false},"author":1,"featured_media":0,"parent":0,"menu_order":0,"comment_status":"closed","ping_status":"closed","template":"","meta":{"footnotes":"","_joinchat":[]},"yoast_head":"<!-- This site is optimized with the Yoast SEO plugin v23.5 - https:\/\/yoast.com\/wordpress\/plugins\/seo\/ -->\r\n<title>DOCUMENTS - Bitumen Irak - Bitumen Turkiye - Quality Product and Service Point<\/title>\r\n<meta name=\"description\" content=\"Bitum, bitumen, bitumeniraq.com, bitumen t\u00fcrkiye, bitumen turkey, mardin , istanbul, ankara, izmir, adana, mersin, trabzon, duhok, s\u00fcleymaniye, ba\u011fdat, bitume, zift, kat\u0131 mazot, kat\u0131 tal\u0131t\u0131m, ucuz yal\u0131t\u0131m , mardin yal\u0131t\u0131m, mardin mebran, mardin bitumen , Iraq, Turkiye, Suriye, Ba\u011fdat , Ankara , \u0130stanbul, Black Oil, Zift, Asfalt , Yal\u0131t\u0131m , Mebran,\" \/>\r\n<meta name=\"robots\" content=\"index, follow, max-snippet:-1, max-image-preview:large, max-video-preview:-1\" \/>\r\n<link rel=\"canonical\" href=\"https:\/\/bitumeniraq.com\/index.php\/documents\/\" \/>\r\n<meta property=\"og:locale\" content=\"en_US\" \/>\r\n<meta property=\"og:type\" content=\"article\" \/>\r\n<meta property=\"og:title\" content=\"DOCUMENTS - Bitumen Irak - Bitumen Turkiye - Quality Product and Service Point\" \/>\r\n<meta property=\"og:description\" content=\"Bitum, bitumen, bitumeniraq.com, bitumen t\u00fcrkiye, bitumen turkey, mardin , istanbul, ankara, izmir, adana, mersin, trabzon, duhok, s\u00fcleymaniye, ba\u011fdat, bitume, zift, kat\u0131 mazot, kat\u0131 tal\u0131t\u0131m, ucuz yal\u0131t\u0131m , mardin yal\u0131t\u0131m, mardin mebran, mardin bitumen , Iraq, Turkiye, Suriye, Ba\u011fdat , Ankara , \u0130stanbul, Black Oil, Zift, Asfalt , Yal\u0131t\u0131m , Mebran,\" \/>\r\n<meta property=\"og:url\" content=\"https:\/\/bitumeniraq.com\/index.php\/documents\/\" \/>\r\n<meta property=\"og:site_name\" content=\"Bitumen Irak - Bitumen Turkiye - Quality Product and Service Point\" \/>\r\n<meta property=\"article:modified_time\" content=\"2025-06-30T12:57:53+00:00\" \/>\r\n<meta property=\"og:image\" content=\"https:\/\/bitumeniraq.com\/wp-content\/uploads\/2025\/06\/iso-45001-724x1024.png\" \/>\r\n<meta name=\"twitter:card\" content=\"summary_large_image\" \/>\r\n<meta name=\"twitter:label1\" content=\"Est. reading time\" \/>\n\t<meta name=\"twitter:data1\" content=\"1 minute\" \/>\r\n<script type=\"application\/ld+json\" class=\"yoast-schema-graph\">{\"@context\":\"https:\/\/schema.org\",\"@graph\":[{\"@type\":\"WebPage\",\"@id\":\"https:\/\/bitumeniraq.com\/index.php\/documents\/\",\"url\":\"https:\/\/bitumeniraq.com\/index.php\/documents\/\",\"name\":\"DOCUMENTS - Bitumen Irak - Bitumen Turkiye - Quality Product and Service Point\",\"isPartOf\":{\"@id\":\"https:\/\/bitumeniraq.com\/#website\"},\"datePublished\":\"2025-06-30T12:48:39+00:00\",\"dateModified\":\"2025-06-30T12:57:53+00:00\",\"description\":\"Bitum, bitumen, bitumeniraq.com, bitumen t\u00fcrkiye, bitumen turkey, mardin , istanbul, ankara, izmir, adana, mersin, trabzon, duhok, s\u00fcleymaniye, ba\u011fdat, bitume, zift, kat\u0131 mazot, kat\u0131 tal\u0131t\u0131m, ucuz yal\u0131t\u0131m , mardin yal\u0131t\u0131m, mardin mebran, mardin bitumen , Iraq, Turkiye, Suriye, Ba\u011fdat , Ankara , \u0130stanbul, Black Oil, Zift, Asfalt , Yal\u0131t\u0131m , Mebran,\",\"breadcrumb\":{\"@id\":\"https:\/\/bitumeniraq.com\/index.php\/documents\/#breadcrumb\"},\"inLanguage\":\"en-US\",\"potentialAction\":[{\"@type\":\"ReadAction\",\"target\":[\"https:\/\/bitumeniraq.com\/index.php\/documents\/\"]}]},{\"@type\":\"BreadcrumbList\",\"@id\":\"https:\/\/bitumeniraq.com\/index.php\/documents\/#breadcrumb\",\"itemListElement\":[{\"@type\":\"ListItem\",\"position\":1,\"name\":\"Anasayfa\",\"item\":\"https:\/\/bitumeniraq.com\/\"},{\"@type\":\"ListItem\",\"position\":2,\"name\":\"DOCUMENTS\"}]},{\"@type\":\"WebSite\",\"@id\":\"https:\/\/bitumeniraq.com\/#website\",\"url\":\"https:\/\/bitumeniraq.com\/\",\"name\":\"Bitumen Irak - Bitumen Turkiye - Quality Product and Service Point\",\"description\":\"\",\"publisher\":{\"@id\":\"https:\/\/bitumeniraq.com\/#organization\"},\"potentialAction\":[{\"@type\":\"SearchAction\",\"target\":{\"@type\":\"EntryPoint\",\"urlTemplate\":\"https:\/\/bitumeniraq.com\/?s={search_term_string}\"},\"query-input\":{\"@type\":\"PropertyValueSpecification\",\"valueRequired\":true,\"valueName\":\"search_term_string\"}}],\"inLanguage\":\"en-US\"},{\"@type\":\"Organization\",\"@id\":\"https:\/\/bitumeniraq.com\/#organization\",\"name\":\"Bitumen Iraq\",\"url\":\"https:\/\/bitumeniraq.com\/\",\"logo\":{\"@type\":\"ImageObject\",\"inLanguage\":\"en-US\",\"@id\":\"https:\/\/bitumeniraq.com\/#\/schema\/logo\/image\/\",\"url\":\"http:\/\/bitumeniraq.com\/wp-content\/uploads\/2022\/05\/cropped-BitumIraq.png\",\"contentUrl\":\"http:\/\/bitumeniraq.com\/wp-content\/uploads\/2022\/05\/cropped-BitumIraq.png\",\"width\":1990,\"height\":724,\"caption\":\"Bitumen Iraq\"},\"image\":{\"@id\":\"https:\/\/bitumeniraq.com\/#\/schema\/logo\/image\/\"}}]}<\/script>\r\n<!-- \/ Yoast SEO plugin. -->","yoast_head_json":{"title":"DOCUMENTS - Bitumen Irak - Bitumen Turkiye - Quality Product and Service Point","description":"Bitum, bitumen, bitumeniraq.com, bitumen t\u00fcrkiye, bitumen turkey, mardin , istanbul, ankara, izmir, adana, mersin, trabzon, duhok, s\u00fcleymaniye, ba\u011fdat, bitume, zift, kat\u0131 mazot, kat\u0131 tal\u0131t\u0131m, ucuz yal\u0131t\u0131m , mardin yal\u0131t\u0131m, mardin mebran, mardin bitumen , Iraq, Turkiye, Suriye, Ba\u011fdat , Ankara , \u0130stanbul, Black Oil, Zift, Asfalt , Yal\u0131t\u0131m , Mebran,","robots":{"index":"index","follow":"follow","max-snippet":"max-snippet:-1","max-image-preview":"max-image-preview:large","max-video-preview":"max-video-preview:-1"},"canonical":"https:\/\/bitumeniraq.com\/index.php\/documents\/","og_locale":"en_US","og_type":"article","og_title":"DOCUMENTS - Bitumen Irak - Bitumen Turkiye - Quality Product and Service Point","og_description":"Bitum, bitumen, bitumeniraq.com, bitumen t\u00fcrkiye, bitumen turkey, mardin , istanbul, ankara, izmir, adana, mersin, trabzon, duhok, s\u00fcleymaniye, ba\u011fdat, bitume, zift, kat\u0131 mazot, kat\u0131 tal\u0131t\u0131m, ucuz yal\u0131t\u0131m , mardin yal\u0131t\u0131m, mardin mebran, mardin bitumen , Iraq, Turkiye, Suriye, Ba\u011fdat , Ankara , \u0130stanbul, Black Oil, Zift, Asfalt , Yal\u0131t\u0131m , Mebran,","og_url":"https:\/\/bitumeniraq.com\/index.php\/documents\/","og_site_name":"Bitumen Irak - Bitumen Turkiye - Quality Product and Service Point","article_modified_time":"2025-06-30T12:57:53+00:00","og_image":[{"url":"https:\/\/bitumeniraq.com\/wp-content\/uploads\/2025\/06\/iso-45001-724x1024.png"}],"twitter_card":"summary_large_image","twitter_misc":{"Est. reading time":"1 minute"},"schema":{"@context":"https:\/\/schema.org","@graph":[{"@type":"WebPage","@id":"https:\/\/bitumeniraq.com\/index.php\/documents\/","url":"https:\/\/bitumeniraq.com\/index.php\/documents\/","name":"DOCUMENTS - Bitumen Irak - Bitumen Turkiye - Quality Product and Service Point","isPartOf":{"@id":"https:\/\/bitumeniraq.com\/#website"},"datePublished":"2025-06-30T12:48:39+00:00","dateModified":"2025-06-30T12:57:53+00:00","description":"Bitum, bitumen, bitumeniraq.com, bitumen t\u00fcrkiye, bitumen turkey, mardin , istanbul, ankara, izmir, adana, mersin, trabzon, duhok, s\u00fcleymaniye, ba\u011fdat, bitume, zift, kat\u0131 mazot, kat\u0131 tal\u0131t\u0131m, ucuz yal\u0131t\u0131m , mardin yal\u0131t\u0131m, mardin mebran, mardin bitumen , Iraq, Turkiye, Suriye, Ba\u011fdat , Ankara , \u0130stanbul, Black Oil, Zift, Asfalt , Yal\u0131t\u0131m , Mebran,","breadcrumb":{"@id":"https:\/\/bitumeniraq.com\/index.php\/documents\/#breadcrumb"},"inLanguage":"en-US","potentialAction":[{"@type":"ReadAction","target":["https:\/\/bitumeniraq.com\/index.php\/documents\/"]}]},{"@type":"BreadcrumbList","@id":"https:\/\/bitumeniraq.com\/index.php\/documents\/#breadcrumb","itemListElement":[{"@type":"ListItem","position":1,"name":"Anasayfa","item":"https:\/\/bitumeniraq.com\/"},{"@type":"ListItem","position":2,"name":"DOCUMENTS"}]},{"@type":"WebSite","@id":"https:\/\/bitumeniraq.com\/#website","url":"https:\/\/bitumeniraq.com\/","name":"Bitumen Irak - Bitumen Turkiye - Quality Product and Service Point","description":"","publisher":{"@id":"https:\/\/bitumeniraq.com\/#organization"},"potentialAction":[{"@type":"SearchAction","target":{"@type":"EntryPoint","urlTemplate":"https:\/\/bitumeniraq.com\/?s={search_term_string}"},"query-input":{"@type":"PropertyValueSpecification","valueRequired":true,"valueName":"search_term_string"}}],"inLanguage":"en-US"},{"@type":"Organization","@id":"https:\/\/bitumeniraq.com\/#organization","name":"Bitumen Iraq","url":"https:\/\/bitumeniraq.com\/","logo":{"@type":"ImageObject","inLanguage":"en-US","@id":"https:\/\/bitumeniraq.com\/#\/schema\/logo\/image\/","url":"http:\/\/bitumeniraq.com\/wp-content\/uploads\/2022\/05\/cropped-BitumIraq.png","contentUrl":"http:\/\/bitumeniraq.com\/wp-content\/uploads\/2022\/05\/cropped-BitumIraq.png","width":1990,"height":724,"caption":"Bitumen Iraq"},"image":{"@id":"https:\/\/bitumeniraq.com\/#\/schema\/logo\/image\/"}}]}},"_links":{"self":[{"href":"http:\/\/bitumeniraq.com\/index.php\/wp-json\/wp\/v2\/pages\/210"}],"collection":[{"href":"http:\/\/bitumeniraq.com\/index.php\/wp-json\/wp\/v2\/pages"}],"about":[{"href":"http:\/\/bitumeniraq.com\/index.php\/wp-json\/wp\/v2\/types\/page"}],"author":[{"embeddable":true,"href":"http:\/\/bitumeniraq.com\/index.php\/wp-json\/wp\/v2\/users\/1"}],"replies":[{"embeddable":true,"href":"http:\/\/bitumeniraq.com\/index.php\/wp-json\/wp\/v2\/comments?post=210"}],"version-history":[{"count":7,"href":"http:\/\/bitumeniraq.com\/index.php\/wp-json\/wp\/v2\/pages\/210\/revisions"}],"predecessor-version":[{"id":222,"href":"http:\/\/bitumeniraq.com\/index.php\/wp-json\/wp\/v2\/pages\/210\/revisions\/222"}],"wp:attachment":[{"href":"http:\/\/bitumeniraq.com\/index.php\/wp-json\/wp\/v2\/media?parent=210"}],"curies":[{"name":"wp","href":"https:\/\/api.w.org\/{rel}","templated":true}]}}