{"id":21,"date":"2022-05-10T14:41:22","date_gmt":"2022-05-10T11:41:22","guid":{"rendered":"http:\/\/bitumeniraq.com\/?page_id=21"},"modified":"2024-07-05T16:44:41","modified_gmt":"2024-07-05T13:44:41","slug":"urunlerimiz","status":"publish","type":"page","link":"http:\/\/bitumeniraq.com\/index.php\/urunlerimiz\/","title":{"rendered":"OUR PRODUCTS"},"content":{"rendered":"<p><img loading=\"lazy\" decoding=\"async\" class=\"alignnone wp-image-79\" src=\"http:\/\/bitumeniraq.com\/wp-content\/uploads\/2022\/05\/130411-6-Asphalt.jpg\" alt=\"\" width=\"541\" height=\"360\" srcset=\"http:\/\/bitumeniraq.com\/wp-content\/uploads\/2022\/05\/130411-6-Asphalt.jpg 1024w, http:\/\/bitumeniraq.com\/wp-content\/uploads\/2022\/05\/130411-6-Asphalt-300x200.jpg 300w, http:\/\/bitumeniraq.com\/wp-content\/uploads\/2022\/05\/130411-6-Asphalt-768x512.jpg 768w\" sizes=\"(max-width: 541px) 100vw, 541px\" \/><\/p>\n<p>The bitumen products we supply to our customers include:<\/p>\n<ul>\n<li>BITUMEN 40\/50<\/li>\n<li>BITUMEN 50\/60<\/li>\n<li>BITUMEN 50\/70<\/li>\n<li>BITUMEN 60\/70<\/li>\n<li>BITUMEN 70\/100<\/li>\n<li>BITUMEN 80\/100<\/li>\n<li>BITUMEN 100\/150<\/li>\n<li>BITUMEN 160\/220<\/li>\n<\/ul>\n<p>We can fulfill orders with penetration values ranging from 10 to 300.<\/p>\n<p>&nbsp;<\/p>\n<p><img loading=\"lazy\" decoding=\"async\" class=\"alignnone wp-image-203\" src=\"http:\/\/bitumeniraq.com\/wp-content\/uploads\/2024\/07\/mebran.jpg\" alt=\"\" width=\"263\" height=\"322\" srcset=\"http:\/\/bitumeniraq.com\/wp-content\/uploads\/2024\/07\/mebran.jpg 1242w, http:\/\/bitumeniraq.com\/wp-content\/uploads\/2024\/07\/mebran-245x300.jpg 245w, http:\/\/bitumeniraq.com\/wp-content\/uploads\/2024\/07\/mebran-837x1024.jpg 837w, http:\/\/bitumeniraq.com\/wp-content\/uploads\/2024\/07\/mebran-768x940.jpg 768w\" sizes=\"(max-width: 263px) 100vw, 263px\" \/> <img loading=\"lazy\" decoding=\"async\" class=\"alignnone wp-image-204\" src=\"http:\/\/bitumeniraq.com\/wp-content\/uploads\/2024\/07\/mebran1.jpg\" alt=\"\" width=\"194\" height=\"327\" srcset=\"http:\/\/bitumeniraq.com\/wp-content\/uploads\/2024\/07\/mebran1.jpg 948w, http:\/\/bitumeniraq.com\/wp-content\/uploads\/2024\/07\/mebran1-178x300.jpg 178w, http:\/\/bitumeniraq.com\/wp-content\/uploads\/2024\/07\/mebran1-607x1024.jpg 607w, http:\/\/bitumeniraq.com\/wp-content\/uploads\/2024\/07\/mebran1-768x1296.jpg 768w, http:\/\/bitumeniraq.com\/wp-content\/uploads\/2024\/07\/mebran1-910x1536.jpg 910w\" sizes=\"(max-width: 194px) 100vw, 194px\" \/><\/p>\n<p>MEMBRAN SATI\u015eLARIMIZ BA\u015eLAMI\u015eTIR<\/p>\n<p>3 mm 4 mm membran \u00e7e\u015fitlerimiz mevcuttur.<\/p>\n","protected":false},"excerpt":{"rendered":"<p>The bitumen products we supply to our customers include: BITUMEN 40\/50 BITUMEN 50\/60 BITUMEN 50\/70 BITUMEN 60\/70 BITUMEN 70\/100 BITUMEN 80\/100 BITUMEN 100\/150 BITUMEN 160\/220 We can fulfill orders with penetration values ranging from 10 to 300. &nbsp; MEMBRAN SATI\u015eLARIMIZ BA\u015eLAMI\u015eTIR 3 mm 4 mm membran \u00e7e\u015fitlerimiz mevcuttur.<\/p>\n","protected":false},"author":1,"featured_media":0,"parent":0,"menu_order":0,"comment_status":"closed","ping_status":"closed","template":"","meta":{"footnotes":"","_joinchat":[]},"yoast_head":"<!-- This site is optimized with the Yoast SEO plugin v23.5 - https:\/\/yoast.com\/wordpress\/plugins\/seo\/ -->\r\n<title>OUR PRODUCTS - Bitumen Irak - Bitumen Turkiye - Quality Product and Service Point<\/title>\r\n<meta name=\"description\" content=\"Bitum, bitumen, bitumeniraq.com, bitumen t\u00fcrkiye, bitumen turkey, mardin , istanbul, ankara, izmir, adana, mersin, trabzon, duhok, s\u00fcleymaniye, ba\u011fdat, bitume, zift, kat\u0131 mazot, kat\u0131 tal\u0131t\u0131m, ucuz yal\u0131t\u0131m , mardin yal\u0131t\u0131m, mardin mebran, mardin bitumen , Iraq, Turkiye, Suriye, Ba\u011fdat , Ankara , \u0130stanbul, Black Oil, Zift, Asfalt , Yal\u0131t\u0131m , Mebran,\" \/>\r\n<meta name=\"robots\" content=\"index, follow, max-snippet:-1, max-image-preview:large, max-video-preview:-1\" \/>\r\n<link rel=\"canonical\" href=\"https:\/\/bitumeniraq.com\/index.php\/urunlerimiz\/\" \/>\r\n<meta property=\"og:locale\" content=\"en_US\" \/>\r\n<meta property=\"og:type\" content=\"article\" \/>\r\n<meta property=\"og:title\" content=\"OUR PRODUCTS - Bitumen Irak - Bitumen Turkiye - Quality Product and Service Point\" \/>\r\n<meta property=\"og:description\" content=\"Bitum, bitumen, bitumeniraq.com, bitumen t\u00fcrkiye, bitumen turkey, mardin , istanbul, ankara, izmir, adana, mersin, trabzon, duhok, s\u00fcleymaniye, ba\u011fdat, bitume, zift, kat\u0131 mazot, kat\u0131 tal\u0131t\u0131m, ucuz yal\u0131t\u0131m , mardin yal\u0131t\u0131m, mardin mebran, mardin bitumen , Iraq, Turkiye, Suriye, Ba\u011fdat , Ankara , \u0130stanbul, Black Oil, Zift, Asfalt , Yal\u0131t\u0131m , Mebran,\" \/>\r\n<meta property=\"og:url\" content=\"https:\/\/bitumeniraq.com\/index.php\/urunlerimiz\/\" \/>\r\n<meta property=\"og:site_name\" content=\"Bitumen Irak - Bitumen Turkiye - Quality Product and Service Point\" \/>\r\n<meta property=\"article:modified_time\" content=\"2024-07-05T13:44:41+00:00\" \/>\r\n<meta property=\"og:image\" content=\"http:\/\/bitumeniraq.com\/wp-content\/uploads\/2022\/05\/130411-6-Asphalt.jpg\" \/>\r\n<meta name=\"twitter:card\" content=\"summary_large_image\" \/>\r\n<meta name=\"twitter:label1\" content=\"Est. reading time\" \/>\n\t<meta name=\"twitter:data1\" content=\"1 minute\" \/>\r\n<script type=\"application\/ld+json\" class=\"yoast-schema-graph\">{\"@context\":\"https:\/\/schema.org\",\"@graph\":[{\"@type\":\"WebPage\",\"@id\":\"https:\/\/bitumeniraq.com\/index.php\/urunlerimiz\/\",\"url\":\"https:\/\/bitumeniraq.com\/index.php\/urunlerimiz\/\",\"name\":\"OUR PRODUCTS - Bitumen Irak - Bitumen Turkiye - Quality Product and Service Point\",\"isPartOf\":{\"@id\":\"https:\/\/bitumeniraq.com\/#website\"},\"primaryImageOfPage\":{\"@id\":\"https:\/\/bitumeniraq.com\/index.php\/urunlerimiz\/#primaryimage\"},\"image\":{\"@id\":\"https:\/\/bitumeniraq.com\/index.php\/urunlerimiz\/#primaryimage\"},\"thumbnailUrl\":\"http:\/\/bitumeniraq.com\/wp-content\/uploads\/2022\/05\/130411-6-Asphalt.jpg\",\"datePublished\":\"2022-05-10T11:41:22+00:00\",\"dateModified\":\"2024-07-05T13:44:41+00:00\",\"description\":\"Bitum, bitumen, bitumeniraq.com, bitumen t\u00fcrkiye, bitumen turkey, mardin , istanbul, ankara, izmir, adana, mersin, trabzon, duhok, s\u00fcleymaniye, ba\u011fdat, bitume, zift, kat\u0131 mazot, kat\u0131 tal\u0131t\u0131m, ucuz yal\u0131t\u0131m , mardin yal\u0131t\u0131m, mardin mebran, mardin bitumen , Iraq, Turkiye, Suriye, Ba\u011fdat , Ankara , \u0130stanbul, Black Oil, Zift, Asfalt , Yal\u0131t\u0131m , Mebran,\",\"breadcrumb\":{\"@id\":\"https:\/\/bitumeniraq.com\/index.php\/urunlerimiz\/#breadcrumb\"},\"inLanguage\":\"en-US\",\"potentialAction\":[{\"@type\":\"ReadAction\",\"target\":[\"https:\/\/bitumeniraq.com\/index.php\/urunlerimiz\/\"]}]},{\"@type\":\"ImageObject\",\"inLanguage\":\"en-US\",\"@id\":\"https:\/\/bitumeniraq.com\/index.php\/urunlerimiz\/#primaryimage\",\"url\":\"http:\/\/bitumeniraq.com\/wp-content\/uploads\/2022\/05\/130411-6-Asphalt.jpg\",\"contentUrl\":\"http:\/\/bitumeniraq.com\/wp-content\/uploads\/2022\/05\/130411-6-Asphalt.jpg\",\"width\":1024,\"height\":682},{\"@type\":\"BreadcrumbList\",\"@id\":\"https:\/\/bitumeniraq.com\/index.php\/urunlerimiz\/#breadcrumb\",\"itemListElement\":[{\"@type\":\"ListItem\",\"position\":1,\"name\":\"Anasayfa\",\"item\":\"https:\/\/bitumeniraq.com\/\"},{\"@type\":\"ListItem\",\"position\":2,\"name\":\"OUR PRODUCTS\"}]},{\"@type\":\"WebSite\",\"@id\":\"https:\/\/bitumeniraq.com\/#website\",\"url\":\"https:\/\/bitumeniraq.com\/\",\"name\":\"Bitumen Irak - Bitumen Turkiye - Quality Product and Service Point\",\"description\":\"\",\"publisher\":{\"@id\":\"https:\/\/bitumeniraq.com\/#organization\"},\"potentialAction\":[{\"@type\":\"SearchAction\",\"target\":{\"@type\":\"EntryPoint\",\"urlTemplate\":\"https:\/\/bitumeniraq.com\/?s={search_term_string}\"},\"query-input\":{\"@type\":\"PropertyValueSpecification\",\"valueRequired\":true,\"valueName\":\"search_term_string\"}}],\"inLanguage\":\"en-US\"},{\"@type\":\"Organization\",\"@id\":\"https:\/\/bitumeniraq.com\/#organization\",\"name\":\"Bitumen Iraq\",\"url\":\"https:\/\/bitumeniraq.com\/\",\"logo\":{\"@type\":\"ImageObject\",\"inLanguage\":\"en-US\",\"@id\":\"https:\/\/bitumeniraq.com\/#\/schema\/logo\/image\/\",\"url\":\"http:\/\/bitumeniraq.com\/wp-content\/uploads\/2022\/05\/cropped-BitumIraq.png\",\"contentUrl\":\"http:\/\/bitumeniraq.com\/wp-content\/uploads\/2022\/05\/cropped-BitumIraq.png\",\"width\":1990,\"height\":724,\"caption\":\"Bitumen Iraq\"},\"image\":{\"@id\":\"https:\/\/bitumeniraq.com\/#\/schema\/logo\/image\/\"}}]}<\/script>\r\n<!-- \/ Yoast SEO plugin. -->","yoast_head_json":{"title":"OUR PRODUCTS - Bitumen Irak - Bitumen Turkiye - Quality Product and Service Point","description":"Bitum, bitumen, bitumeniraq.com, bitumen t\u00fcrkiye, bitumen turkey, mardin , istanbul, ankara, izmir, adana, mersin, trabzon, duhok, s\u00fcleymaniye, ba\u011fdat, bitume, zift, kat\u0131 mazot, kat\u0131 tal\u0131t\u0131m, ucuz yal\u0131t\u0131m , mardin yal\u0131t\u0131m, mardin mebran, mardin bitumen , Iraq, Turkiye, Suriye, Ba\u011fdat , Ankara , \u0130stanbul, Black Oil, Zift, Asfalt , Yal\u0131t\u0131m , Mebran,","robots":{"index":"index","follow":"follow","max-snippet":"max-snippet:-1","max-image-preview":"max-image-preview:large","max-video-preview":"max-video-preview:-1"},"canonical":"https:\/\/bitumeniraq.com\/index.php\/urunlerimiz\/","og_locale":"en_US","og_type":"article","og_title":"OUR PRODUCTS - Bitumen Irak - Bitumen Turkiye - Quality Product and Service Point","og_description":"Bitum, bitumen, bitumeniraq.com, bitumen t\u00fcrkiye, bitumen turkey, mardin , istanbul, ankara, izmir, adana, mersin, trabzon, duhok, s\u00fcleymaniye, ba\u011fdat, bitume, zift, kat\u0131 mazot, kat\u0131 tal\u0131t\u0131m, ucuz yal\u0131t\u0131m , mardin yal\u0131t\u0131m, mardin mebran, mardin bitumen , Iraq, Turkiye, Suriye, Ba\u011fdat , Ankara , \u0130stanbul, Black Oil, Zift, Asfalt , Yal\u0131t\u0131m , Mebran,","og_url":"https:\/\/bitumeniraq.com\/index.php\/urunlerimiz\/","og_site_name":"Bitumen Irak - Bitumen Turkiye - Quality Product and Service Point","article_modified_time":"2024-07-05T13:44:41+00:00","og_image":[{"url":"http:\/\/bitumeniraq.com\/wp-content\/uploads\/2022\/05\/130411-6-Asphalt.jpg"}],"twitter_card":"summary_large_image","twitter_misc":{"Est. reading time":"1 minute"},"schema":{"@context":"https:\/\/schema.org","@graph":[{"@type":"WebPage","@id":"https:\/\/bitumeniraq.com\/index.php\/urunlerimiz\/","url":"https:\/\/bitumeniraq.com\/index.php\/urunlerimiz\/","name":"OUR PRODUCTS - Bitumen Irak - Bitumen Turkiye - Quality Product and Service Point","isPartOf":{"@id":"https:\/\/bitumeniraq.com\/#website"},"primaryImageOfPage":{"@id":"https:\/\/bitumeniraq.com\/index.php\/urunlerimiz\/#primaryimage"},"image":{"@id":"https:\/\/bitumeniraq.com\/index.php\/urunlerimiz\/#primaryimage"},"thumbnailUrl":"http:\/\/bitumeniraq.com\/wp-content\/uploads\/2022\/05\/130411-6-Asphalt.jpg","datePublished":"2022-05-10T11:41:22+00:00","dateModified":"2024-07-05T13:44:41+00:00","description":"Bitum, bitumen, bitumeniraq.com, bitumen t\u00fcrkiye, bitumen turkey, mardin , istanbul, ankara, izmir, adana, mersin, trabzon, duhok, s\u00fcleymaniye, ba\u011fdat, bitume, zift, kat\u0131 mazot, kat\u0131 tal\u0131t\u0131m, ucuz yal\u0131t\u0131m , mardin yal\u0131t\u0131m, mardin mebran, mardin bitumen , Iraq, Turkiye, Suriye, Ba\u011fdat , Ankara , \u0130stanbul, Black Oil, Zift, Asfalt , Yal\u0131t\u0131m , Mebran,","breadcrumb":{"@id":"https:\/\/bitumeniraq.com\/index.php\/urunlerimiz\/#breadcrumb"},"inLanguage":"en-US","potentialAction":[{"@type":"ReadAction","target":["https:\/\/bitumeniraq.com\/index.php\/urunlerimiz\/"]}]},{"@type":"ImageObject","inLanguage":"en-US","@id":"https:\/\/bitumeniraq.com\/index.php\/urunlerimiz\/#primaryimage","url":"http:\/\/bitumeniraq.com\/wp-content\/uploads\/2022\/05\/130411-6-Asphalt.jpg","contentUrl":"http:\/\/bitumeniraq.com\/wp-content\/uploads\/2022\/05\/130411-6-Asphalt.jpg","width":1024,"height":682},{"@type":"BreadcrumbList","@id":"https:\/\/bitumeniraq.com\/index.php\/urunlerimiz\/#breadcrumb","itemListElement":[{"@type":"ListItem","position":1,"name":"Anasayfa","item":"https:\/\/bitumeniraq.com\/"},{"@type":"ListItem","position":2,"name":"OUR PRODUCTS"}]},{"@type":"WebSite","@id":"https:\/\/bitumeniraq.com\/#website","url":"https:\/\/bitumeniraq.com\/","name":"Bitumen Irak - Bitumen Turkiye - Quality Product and Service Point","description":"","publisher":{"@id":"https:\/\/bitumeniraq.com\/#organization"},"potentialAction":[{"@type":"SearchAction","target":{"@type":"EntryPoint","urlTemplate":"https:\/\/bitumeniraq.com\/?s={search_term_string}"},"query-input":{"@type":"PropertyValueSpecification","valueRequired":true,"valueName":"search_term_string"}}],"inLanguage":"en-US"},{"@type":"Organization","@id":"https:\/\/bitumeniraq.com\/#organization","name":"Bitumen Iraq","url":"https:\/\/bitumeniraq.com\/","logo":{"@type":"ImageObject","inLanguage":"en-US","@id":"https:\/\/bitumeniraq.com\/#\/schema\/logo\/image\/","url":"http:\/\/bitumeniraq.com\/wp-content\/uploads\/2022\/05\/cropped-BitumIraq.png","contentUrl":"http:\/\/bitumeniraq.com\/wp-content\/uploads\/2022\/05\/cropped-BitumIraq.png","width":1990,"height":724,"caption":"Bitumen Iraq"},"image":{"@id":"https:\/\/bitumeniraq.com\/#\/schema\/logo\/image\/"}}]}},"_links":{"self":[{"href":"http:\/\/bitumeniraq.com\/index.php\/wp-json\/wp\/v2\/pages\/21"}],"collection":[{"href":"http:\/\/bitumeniraq.com\/index.php\/wp-json\/wp\/v2\/pages"}],"about":[{"href":"http:\/\/bitumeniraq.com\/index.php\/wp-json\/wp\/v2\/types\/page"}],"author":[{"embeddable":true,"href":"http:\/\/bitumeniraq.com\/index.php\/wp-json\/wp\/v2\/users\/1"}],"replies":[{"embeddable":true,"href":"http:\/\/bitumeniraq.com\/index.php\/wp-json\/wp\/v2\/comments?post=21"}],"version-history":[{"count":6,"href":"http:\/\/bitumeniraq.com\/index.php\/wp-json\/wp\/v2\/pages\/21\/revisions"}],"predecessor-version":[{"id":208,"href":"http:\/\/bitumeniraq.com\/index.php\/wp-json\/wp\/v2\/pages\/21\/revisions\/208"}],"wp:attachment":[{"href":"http:\/\/bitumeniraq.com\/index.php\/wp-json\/wp\/v2\/media?parent=21"}],"curies":[{"name":"wp","href":"https:\/\/api.w.org\/{rel}","templated":true}]}}