{"id":19,"date":"2022-05-10T14:40:42","date_gmt":"2022-05-10T11:40:42","guid":{"rendered":"http:\/\/bitumeniraq.com\/?page_id=19"},"modified":"2024-02-13T19:17:54","modified_gmt":"2024-02-13T16:17:54","slug":"hakkimizda","status":"publish","type":"page","link":"http:\/\/bitumeniraq.com\/index.php\/hakkimizda\/","title":{"rendered":"ABOUT US"},"content":{"rendered":"<p>BITUMEN IRAQ is a company that sets out with the principle of producing solution-oriented products without compromising on quality through R&amp;D and UR&amp;D-based work in Iraq, Turkey, and Iraq. It manufactures technical products needed by the sector, following high-quality standards comprehensively and in detail. BITUMEN IRAQ provides added value to the sector with the principle of continuously conducting technical support operations successfully with its professional team on the field.<\/p>\n<p>Bitumen products we provide for our components;<\/p>\n<p>BITUMEN 40\/50 &#8211; BITUMEN 50\/60 &#8211; BITUMEN 50\/70 &#8211; BITUMEN 60\/70 &#8211; BITUMEN 70\/100 &#8211; BITUMEN 80\/100 &#8211; BITUMEN 100\/150 &#8211; BITUMEN 160\/220 &#8211; We can respond to all orders with penetration values \u200b\u200branging from 10 to 300.<\/p>\n","protected":false},"excerpt":{"rendered":"<p>BITUMEN IRAQ is a company that sets out with the principle of producing solution-oriented products without compromising on quality through R&amp;D and UR&amp;D-based work in Iraq, Turkey, and Iraq. It manufactures technical products needed by the sector, following high-quality standards comprehensively and in detail. BITUMEN IRAQ provides added value to the sector with the principle [&hellip;]<\/p>\n","protected":false},"author":1,"featured_media":0,"parent":0,"menu_order":0,"comment_status":"closed","ping_status":"closed","template":"","meta":{"footnotes":"","_joinchat":[]},"yoast_head":"<!-- This site is optimized with the Yoast SEO plugin v23.5 - https:\/\/yoast.com\/wordpress\/plugins\/seo\/ -->\r\n<title>ABOUT US - Bitumen Irak - Bitumen Turkiye - Quality Product and Service Point<\/title>\r\n<meta name=\"description\" content=\"Bitum, bitumen, bitumeniraq.com, bitumen t\u00fcrkiye, bitumen turkey, mardin , istanbul, ankara, izmir, adana, mersin, trabzon, duhok, s\u00fcleymaniye, ba\u011fdat, bitume, zift, kat\u0131 mazot, kat\u0131 tal\u0131t\u0131m, ucuz yal\u0131t\u0131m , mardin yal\u0131t\u0131m, mardin mebran, mardin bitumen , Iraq, Turkiye, Suriye, Ba\u011fdat , Ankara , \u0130stanbul, Black Oil, Zift, Asfalt , Yal\u0131t\u0131m , Mebran,\" \/>\r\n<meta name=\"robots\" content=\"index, follow, max-snippet:-1, max-image-preview:large, max-video-preview:-1\" \/>\r\n<link rel=\"canonical\" href=\"https:\/\/bitumeniraq.com\/index.php\/hakkimizda\/\" \/>\r\n<meta property=\"og:locale\" content=\"en_US\" \/>\r\n<meta property=\"og:type\" content=\"article\" \/>\r\n<meta property=\"og:title\" content=\"ABOUT US - Bitumen Irak - Bitumen Turkiye - Quality Product and Service Point\" \/>\r\n<meta property=\"og:description\" content=\"Bitum, bitumen, bitumeniraq.com, bitumen t\u00fcrkiye, bitumen turkey, mardin , istanbul, ankara, izmir, adana, mersin, trabzon, duhok, s\u00fcleymaniye, ba\u011fdat, bitume, zift, kat\u0131 mazot, kat\u0131 tal\u0131t\u0131m, ucuz yal\u0131t\u0131m , mardin yal\u0131t\u0131m, mardin mebran, mardin bitumen , Iraq, Turkiye, Suriye, Ba\u011fdat , Ankara , \u0130stanbul, Black Oil, Zift, Asfalt , Yal\u0131t\u0131m , Mebran,\" \/>\r\n<meta property=\"og:url\" content=\"https:\/\/bitumeniraq.com\/index.php\/hakkimizda\/\" \/>\r\n<meta property=\"og:site_name\" content=\"Bitumen Irak - Bitumen Turkiye - Quality Product and Service Point\" \/>\r\n<meta property=\"article:modified_time\" content=\"2024-02-13T16:17:54+00:00\" \/>\r\n<meta name=\"twitter:card\" content=\"summary_large_image\" \/>\r\n<meta name=\"twitter:label1\" content=\"Est. reading time\" \/>\n\t<meta name=\"twitter:data1\" content=\"1 minute\" \/>\r\n<script type=\"application\/ld+json\" class=\"yoast-schema-graph\">{\"@context\":\"https:\/\/schema.org\",\"@graph\":[{\"@type\":\"WebPage\",\"@id\":\"https:\/\/bitumeniraq.com\/index.php\/hakkimizda\/\",\"url\":\"https:\/\/bitumeniraq.com\/index.php\/hakkimizda\/\",\"name\":\"ABOUT US - Bitumen Irak - Bitumen Turkiye - Quality Product and Service Point\",\"isPartOf\":{\"@id\":\"https:\/\/bitumeniraq.com\/#website\"},\"datePublished\":\"2022-05-10T11:40:42+00:00\",\"dateModified\":\"2024-02-13T16:17:54+00:00\",\"description\":\"Bitum, bitumen, bitumeniraq.com, bitumen t\u00fcrkiye, bitumen turkey, mardin , istanbul, ankara, izmir, adana, mersin, trabzon, duhok, s\u00fcleymaniye, ba\u011fdat, bitume, zift, kat\u0131 mazot, kat\u0131 tal\u0131t\u0131m, ucuz yal\u0131t\u0131m , mardin yal\u0131t\u0131m, mardin mebran, mardin bitumen , Iraq, Turkiye, Suriye, Ba\u011fdat , Ankara , \u0130stanbul, Black Oil, Zift, Asfalt , Yal\u0131t\u0131m , Mebran,\",\"breadcrumb\":{\"@id\":\"https:\/\/bitumeniraq.com\/index.php\/hakkimizda\/#breadcrumb\"},\"inLanguage\":\"en-US\",\"potentialAction\":[{\"@type\":\"ReadAction\",\"target\":[\"https:\/\/bitumeniraq.com\/index.php\/hakkimizda\/\"]}]},{\"@type\":\"BreadcrumbList\",\"@id\":\"https:\/\/bitumeniraq.com\/index.php\/hakkimizda\/#breadcrumb\",\"itemListElement\":[{\"@type\":\"ListItem\",\"position\":1,\"name\":\"Anasayfa\",\"item\":\"https:\/\/bitumeniraq.com\/\"},{\"@type\":\"ListItem\",\"position\":2,\"name\":\"ABOUT US\"}]},{\"@type\":\"WebSite\",\"@id\":\"https:\/\/bitumeniraq.com\/#website\",\"url\":\"https:\/\/bitumeniraq.com\/\",\"name\":\"Bitumen Irak - Bitumen Turkiye - Quality Product and Service Point\",\"description\":\"\",\"publisher\":{\"@id\":\"https:\/\/bitumeniraq.com\/#organization\"},\"potentialAction\":[{\"@type\":\"SearchAction\",\"target\":{\"@type\":\"EntryPoint\",\"urlTemplate\":\"https:\/\/bitumeniraq.com\/?s={search_term_string}\"},\"query-input\":{\"@type\":\"PropertyValueSpecification\",\"valueRequired\":true,\"valueName\":\"search_term_string\"}}],\"inLanguage\":\"en-US\"},{\"@type\":\"Organization\",\"@id\":\"https:\/\/bitumeniraq.com\/#organization\",\"name\":\"Bitumen Iraq\",\"url\":\"https:\/\/bitumeniraq.com\/\",\"logo\":{\"@type\":\"ImageObject\",\"inLanguage\":\"en-US\",\"@id\":\"https:\/\/bitumeniraq.com\/#\/schema\/logo\/image\/\",\"url\":\"http:\/\/bitumeniraq.com\/wp-content\/uploads\/2022\/05\/cropped-BitumIraq.png\",\"contentUrl\":\"http:\/\/bitumeniraq.com\/wp-content\/uploads\/2022\/05\/cropped-BitumIraq.png\",\"width\":1990,\"height\":724,\"caption\":\"Bitumen Iraq\"},\"image\":{\"@id\":\"https:\/\/bitumeniraq.com\/#\/schema\/logo\/image\/\"}}]}<\/script>\r\n<!-- \/ Yoast SEO plugin. -->","yoast_head_json":{"title":"ABOUT US - Bitumen Irak - Bitumen Turkiye - Quality Product and Service Point","description":"Bitum, bitumen, bitumeniraq.com, bitumen t\u00fcrkiye, bitumen turkey, mardin , istanbul, ankara, izmir, adana, mersin, trabzon, duhok, s\u00fcleymaniye, ba\u011fdat, bitume, zift, kat\u0131 mazot, kat\u0131 tal\u0131t\u0131m, ucuz yal\u0131t\u0131m , mardin yal\u0131t\u0131m, mardin mebran, mardin bitumen , Iraq, Turkiye, Suriye, Ba\u011fdat , Ankara , \u0130stanbul, Black Oil, Zift, Asfalt , Yal\u0131t\u0131m , Mebran,","robots":{"index":"index","follow":"follow","max-snippet":"max-snippet:-1","max-image-preview":"max-image-preview:large","max-video-preview":"max-video-preview:-1"},"canonical":"https:\/\/bitumeniraq.com\/index.php\/hakkimizda\/","og_locale":"en_US","og_type":"article","og_title":"ABOUT US - Bitumen Irak - Bitumen Turkiye - Quality Product and Service Point","og_description":"Bitum, bitumen, bitumeniraq.com, bitumen t\u00fcrkiye, bitumen turkey, mardin , istanbul, ankara, izmir, adana, mersin, trabzon, duhok, s\u00fcleymaniye, ba\u011fdat, bitume, zift, kat\u0131 mazot, kat\u0131 tal\u0131t\u0131m, ucuz yal\u0131t\u0131m , mardin yal\u0131t\u0131m, mardin mebran, mardin bitumen , Iraq, Turkiye, Suriye, Ba\u011fdat , Ankara , \u0130stanbul, Black Oil, Zift, Asfalt , Yal\u0131t\u0131m , Mebran,","og_url":"https:\/\/bitumeniraq.com\/index.php\/hakkimizda\/","og_site_name":"Bitumen Irak - Bitumen Turkiye - Quality Product and Service Point","article_modified_time":"2024-02-13T16:17:54+00:00","twitter_card":"summary_large_image","twitter_misc":{"Est. reading time":"1 minute"},"schema":{"@context":"https:\/\/schema.org","@graph":[{"@type":"WebPage","@id":"https:\/\/bitumeniraq.com\/index.php\/hakkimizda\/","url":"https:\/\/bitumeniraq.com\/index.php\/hakkimizda\/","name":"ABOUT US - Bitumen Irak - Bitumen Turkiye - Quality Product and Service Point","isPartOf":{"@id":"https:\/\/bitumeniraq.com\/#website"},"datePublished":"2022-05-10T11:40:42+00:00","dateModified":"2024-02-13T16:17:54+00:00","description":"Bitum, bitumen, bitumeniraq.com, bitumen t\u00fcrkiye, bitumen turkey, mardin , istanbul, ankara, izmir, adana, mersin, trabzon, duhok, s\u00fcleymaniye, ba\u011fdat, bitume, zift, kat\u0131 mazot, kat\u0131 tal\u0131t\u0131m, ucuz yal\u0131t\u0131m , mardin yal\u0131t\u0131m, mardin mebran, mardin bitumen , Iraq, Turkiye, Suriye, Ba\u011fdat , Ankara , \u0130stanbul, Black Oil, Zift, Asfalt , Yal\u0131t\u0131m , Mebran,","breadcrumb":{"@id":"https:\/\/bitumeniraq.com\/index.php\/hakkimizda\/#breadcrumb"},"inLanguage":"en-US","potentialAction":[{"@type":"ReadAction","target":["https:\/\/bitumeniraq.com\/index.php\/hakkimizda\/"]}]},{"@type":"BreadcrumbList","@id":"https:\/\/bitumeniraq.com\/index.php\/hakkimizda\/#breadcrumb","itemListElement":[{"@type":"ListItem","position":1,"name":"Anasayfa","item":"https:\/\/bitumeniraq.com\/"},{"@type":"ListItem","position":2,"name":"ABOUT US"}]},{"@type":"WebSite","@id":"https:\/\/bitumeniraq.com\/#website","url":"https:\/\/bitumeniraq.com\/","name":"Bitumen Irak - Bitumen Turkiye - Quality Product and Service Point","description":"","publisher":{"@id":"https:\/\/bitumeniraq.com\/#organization"},"potentialAction":[{"@type":"SearchAction","target":{"@type":"EntryPoint","urlTemplate":"https:\/\/bitumeniraq.com\/?s={search_term_string}"},"query-input":{"@type":"PropertyValueSpecification","valueRequired":true,"valueName":"search_term_string"}}],"inLanguage":"en-US"},{"@type":"Organization","@id":"https:\/\/bitumeniraq.com\/#organization","name":"Bitumen Iraq","url":"https:\/\/bitumeniraq.com\/","logo":{"@type":"ImageObject","inLanguage":"en-US","@id":"https:\/\/bitumeniraq.com\/#\/schema\/logo\/image\/","url":"http:\/\/bitumeniraq.com\/wp-content\/uploads\/2022\/05\/cropped-BitumIraq.png","contentUrl":"http:\/\/bitumeniraq.com\/wp-content\/uploads\/2022\/05\/cropped-BitumIraq.png","width":1990,"height":724,"caption":"Bitumen Iraq"},"image":{"@id":"https:\/\/bitumeniraq.com\/#\/schema\/logo\/image\/"}}]}},"_links":{"self":[{"href":"http:\/\/bitumeniraq.com\/index.php\/wp-json\/wp\/v2\/pages\/19"}],"collection":[{"href":"http:\/\/bitumeniraq.com\/index.php\/wp-json\/wp\/v2\/pages"}],"about":[{"href":"http:\/\/bitumeniraq.com\/index.php\/wp-json\/wp\/v2\/types\/page"}],"author":[{"embeddable":true,"href":"http:\/\/bitumeniraq.com\/index.php\/wp-json\/wp\/v2\/users\/1"}],"replies":[{"embeddable":true,"href":"http:\/\/bitumeniraq.com\/index.php\/wp-json\/wp\/v2\/comments?post=19"}],"version-history":[{"count":4,"href":"http:\/\/bitumeniraq.com\/index.php\/wp-json\/wp\/v2\/pages\/19\/revisions"}],"predecessor-version":[{"id":158,"href":"http:\/\/bitumeniraq.com\/index.php\/wp-json\/wp\/v2\/pages\/19\/revisions\/158"}],"wp:attachment":[{"href":"http:\/\/bitumeniraq.com\/index.php\/wp-json\/wp\/v2\/media?parent=19"}],"curies":[{"name":"wp","href":"https:\/\/api.w.org\/{rel}","templated":true}]}}